{"id":116,"date":"2021-08-14T19:03:14","date_gmt":"2021-08-14T19:03:14","guid":{"rendered":"https:\/\/papadoc.pt\/?page_id=116"},"modified":"2025-11-03T12:35:23","modified_gmt":"2025-11-03T12:35:23","slug":"papadoc-3","status":"publish","type":"page","link":"https:\/\/papadoc.pt\/","title":{"rendered":"Pizza e Pasta Caff\u00e9"},"content":{"rendered":"\n    \n    <section class=\"skrollable u-align-center u-clearfix u-container-align-center u-image u-parallax u-shading u-section-2\" src=\"\" data-image-width=\"7360\" data-image-height=\"4912\" id=\"sec-f7d3\" style=\"background-image: linear-gradient(0deg, rgba(0, 0, 0, 0.55), rgba(0, 0, 0, 0.55)), url(&quot;https:\/\/papadoc.pt\/wp-content\/uploads\/2021\/08\/PAPADOC_130-3.jpg&quot;);\">\n      <div class=\"u-align-left u-clearfix u-sheet u-sheet-1\">\n        <img decoding=\"async\" class=\"u-align-center u-image u-image-default u-image-1\" src=\"https:\/\/papadoc.pt\/wp-content\/uploads\/2021\/08\/Logo-papadoc-white-3.png\" alt=\"\" data-image-width=\"2118\" data-image-height=\"2729\">\n      <\/div>\n    <\/section>\n    <section class=\"u-align-center u-clearfix u-container-align-center u-custom-color-2 u-section-3\" id=\"sec-ed3e\">\n      <div class=\"u-clearfix u-sheet u-valign-middle-xs u-sheet-1\">\n        <div class=\"u-container-style u-expanded-width u-group u-group-1\">\n          <div class=\"u-container-layout u-container-layout-1\">\n            <h2 class=\"u-align-center u-custom-font u-font-lobster u-text u-text-custom-color-1 u-text-default u-text-1\">Momentos deliciosos no Papadoc<\/h2>\n            <p class=\"u-align-center u-custom-font u-font-montserrat u-text u-text-2\"><span style=\"font-weight: 400; font-style: normal;\">Em Leiria desde 2005, o&nbsp;<span style=\"font-style: italic; font-weight: 700;\">Papadoc, Pizza &amp; Pasta Caff\u00e9<\/span>&nbsp;\u00e9 um local \u00fanico, onde pode apreciar a boa gastronomia Italiana e outras especialidades. Ambiente agrad\u00e1vel e descontra\u00eddo, uma decora\u00e7\u00e3o contempor\u00e2nea, diferente. <\/span>\n            <\/p>\n            <p class=\"u-align-center u-custom-font u-font-montserrat u-text u-text-3\">Seja sempre Bem-Vindo!<\/p>\n          <\/div>\n        <\/div>\n      <\/div>\n    <\/section>\n    <section class=\"diarias skrollable u-align-center u-clearfix u-container-align-center u-image u-parallax u-shading u-section-4\" id=\"sec-15a9\" data-image-width=\"6690\" data-image-height=\"4460\" style=\"background-image: linear-gradient(0deg, rgba(0, 0, 0, 0.5), rgba(0, 0, 0, 0.5)), url(&quot;https:\/\/papadoc.pt\/wp-content\/uploads\/2022\/01\/PAPADOC_38.jpg&quot;);\">\n      <div class=\"u-container-style u-expanded-width u-group u-opacity u-opacity-15 u-shape-rectangle u-group-1\">\n        <div class=\"u-container-layout u-container-layout-1\">\n          <h2 class=\"u-align-center u-custom-font u-font-lobster u-text u-text-custom-color-1 u-text-default u-text-1\">Pratos do Dia<\/h2>\n          <div class=\"u-align-center u-expanded-width u-list u-list-1\">\n            <div class=\"u-repeater u-repeater-1\">\n              <div class=\"u-container-style u-list-item u-repeater-item u-shape-rectangle\">\n                <div class=\"u-container-layout u-similar-container u-container-layout-2\">\n                  <p class=\"u-align-center u-custom-font u-font-montserrat u-text u-text-custom-color-1 u-text-default u-text-2\">Segunda-Feira<\/p>\n                  <div class=\"u-align-center u-container-align-center u-container-style u-expanded-width u-group u-shape-rectangle u-group-2\">\n                    <div class=\"u-container-layout u-container-layout-3\">\n                      <p class=\"u-custom-font u-font-montserrat u-text u-text-3\"> Lombinhos de Porco com Molho de Cogumelos\n                      <\/p>\n                      <p class=\"u-align-center u-custom-font u-font-montserrat u-text u-text-4\"> \u200bAcompanhado c\/ Batata Rosti e Salada<\/p>\n                    <\/div>\n                  <\/div>\n                  <div class=\"u-align-center u-container-align-center u-container-style u-expanded-width u-group u-shape-rectangle u-group-3\">\n                    <div class=\"u-container-layout u-valign-bottom-lg u-valign-bottom-md u-valign-bottom-sm u-valign-bottom-xs u-valign-top-xl u-container-layout-4\">\n                      <p class=\"u-align-center u-custom-font u-font-montserrat u-text u-text-5\"> <span style=\"font-weight: 700;\">Misto de Pasta no Forno<\/span>\n                      <\/p>\n                      <p class=\"u-align-center u-custom-font u-font-montserrat u-text u-text-6\"> Variados Tipos de Massa c\/ Frango e Espinafres<\/p>\n                    <\/div>\n                  <\/div>\n                <\/div>\n              <\/div>\n              <div class=\"u-container-style u-list-item u-repeater-item u-shape-rectangle\">\n                <div class=\"u-container-layout u-similar-container u-container-layout-5\">\n                  <p class=\"u-align-center u-custom-font u-font-montserrat u-text u-text-custom-color-1 u-text-default u-text-7\">Ter\u00e7a-Feira<\/p>\n                  <div class=\"u-align-center u-container-align-center u-container-style u-expanded-width u-group u-shape-rectangle u-group-4\">\n                    <div class=\"u-container-layout u-container-layout-6\">\n                      <p class=\"u-custom-font u-font-montserrat u-text u-text-default u-text-8\">  <span style=\"font-weight: 700;\"> Bifinhos de Per\u00fa com Molho de Laranja<\/span>\n                      <\/p>\n                      <p class=\"u-align-center u-custom-font u-font-montserrat u-text u-text-9\"> \u200b\u200bAcompanhado com Arroz Basmati e Salada<\/p>\n                    <\/div>\n                  <\/div>\n                  <div class=\"u-align-center u-container-align-center u-container-style u-expanded-width u-group u-shape-rectangle u-group-5\">\n                    <div class=\"u-container-layout u-valign-bottom-lg u-valign-bottom-md u-valign-bottom-sm u-valign-bottom-xs u-valign-top-xl u-container-layout-7\">\n                      <p class=\"u-align-center u-custom-font u-font-montserrat u-text u-text-10\">\u200b<span style=\"font-weight: 700;\">Tagliatelle Alfredo Al Forno<\/span>\n                      <\/p>\n                      <p class=\"u-align-center u-custom-font u-font-montserrat u-text u-text-11\"> Com Fiambre, Bechamel e Parmes\u00e3o<\/p>\n                    <\/div>\n                  <\/div>\n                <\/div>\n              <\/div>\n              <div class=\"u-container-style u-list-item u-repeater-item u-shape-rectangle\">\n                <div class=\"u-container-layout u-similar-container u-container-layout-8\">\n                  <p class=\"u-align-center u-custom-font u-font-montserrat u-text u-text-custom-color-1 u-text-default u-text-12\">Quarta-Feira<\/p>\n                  <div class=\"u-align-center u-container-align-center u-container-style u-expanded-width u-group u-shape-rectangle u-group-6\">\n                    <div class=\"u-container-layout u-container-layout-9\">\n                      <p class=\"u-custom-font u-font-montserrat u-text u-text-default u-text-13\"> Perna de Frango no Forno\n                      <\/p>\n                      <p class=\"u-align-center u-custom-font u-font-montserrat u-text u-text-14\"> Com Batata e Salada<\/p>\n                    <\/div>\n                  <\/div>\n                  <div class=\"u-align-center u-container-align-center u-container-style u-expanded-width u-group u-shape-rectangle u-group-7\">\n                    <div class=\"u-container-layout u-valign-bottom-lg u-valign-bottom-md u-valign-bottom-sm u-valign-bottom-xs u-valign-top-xl u-container-layout-10\">\n                      <p class=\"u-align-center u-custom-font u-font-montserrat u-text u-text-15\"> <b>Crepes Recheados no Forno&nbsp;<\/b><br>\n                      <\/p>\n                      <p class=\"u-align-center u-custom-font u-font-montserrat u-text u-text-16\">  Com Legumes e Ricotta<\/p>\n                    <\/div>\n                  <\/div>\n                <\/div>\n              <\/div>\n              <div class=\"u-container-style u-list-item u-repeater-item u-shape-rectangle\">\n                <div class=\"u-container-layout u-similar-container u-container-layout-11\">\n                  <p class=\"u-align-center u-custom-font u-font-montserrat u-text u-text-custom-color-1 u-text-default u-text-17\">Quinta-Feira<\/p>\n                  <div class=\"u-align-center u-container-align-center u-container-style u-expanded-width u-group u-shape-rectangle u-group-8\">\n                    <div class=\"u-container-layout u-container-layout-12\">\n                      <p class=\"u-custom-font u-font-montserrat u-text u-text-default u-text-18\"> Lombinhos de Porco ao Molho Gorgonzolla\n                      <\/p>\n                      <p class=\"u-align-center u-custom-font u-font-montserrat u-text u-text-19\"> Acompanhado com Batata R\u00fastica e Salada<\/p>\n                    <\/div>\n                  <\/div>\n                  <div class=\"u-align-center u-container-align-center u-container-style u-expanded-width u-group u-shape-rectangle u-group-9\">\n                    <div class=\"u-container-layout u-valign-bottom-lg u-valign-bottom-md u-valign-bottom-sm u-valign-bottom-xs u-valign-top-xl u-container-layout-13\">\n                      <p class=\"u-align-center u-custom-font u-font-montserrat u-text u-text-20\"> <b>Folhado de Frango<\/b>\n                      <\/p>\n                      <p class=\"u-align-center u-custom-font u-font-montserrat u-text u-text-21\"> Acompanhado com Salada Mista<\/p>\n                    <\/div>\n                  <\/div>\n                <\/div>\n              <\/div>\n              <div class=\"u-container-style u-list-item u-repeater-item u-shape-rectangle\">\n                <div class=\"u-container-layout u-similar-container u-container-layout-14\">\n                  <p class=\"u-align-center u-custom-font u-font-montserrat u-text u-text-custom-color-1 u-text-default u-text-22\">Sexta-Feira<\/p>\n                  <div class=\"u-align-center u-container-align-center u-container-style u-expanded-width u-group u-shape-rectangle u-group-10\">\n                    <div class=\"u-container-layout u-container-layout-15\">\n                      <p class=\"u-custom-font u-font-montserrat u-text u-text-default u-text-23\"> <span style=\"font-weight: 700;\"> Bife de Frango \u00e0 Parmigiana<\/span>\n                      <\/p>\n                      <p class=\"u-align-center u-custom-font u-font-montserrat u-text u-text-24\"> \u200bAcompanhado com Risotto<\/p>\n                    <\/div>\n                  <\/div>\n                  <div class=\"u-align-center u-container-align-center u-container-style u-expanded-width u-group u-shape-rectangle u-group-11\">\n                    <div class=\"u-container-layout u-valign-bottom-lg u-valign-bottom-md u-valign-bottom-sm u-valign-bottom-xs u-valign-top-xl u-container-layout-16\">\n                      <p class=\"u-align-center u-custom-font u-font-montserrat u-text u-text-25\"> <span style=\"font-weight: 700;\">Bacalhau com Natas<\/span>\n                      <\/p>\n                      <p class=\"u-align-center u-custom-font u-font-montserrat u-text u-text-26\"> <\/p>\n                    <\/div>\n                  <\/div>\n                <\/div>\n              <\/div>\n            <\/div>\n          <\/div>\n        <\/div>\n      <\/div>\n    <\/section>\n    \n    \n    \n  \n","protected":false},"excerpt":{"rendered":"<p>Momentos deliciosos no Papadoc Em Leiria desde 2005, o&nbsp;Papadoc, Pizza &amp; Pasta Caff\u00e9&nbsp;\u00e9 um local \u00fanico, onde pode apreciar a boa gastronomia Italiana e outras especialidades. Ambiente agrad\u00e1vel e descontra\u00eddo, uma decora\u00e7\u00e3o contempor\u00e2nea, diferente. Seja sempre Bem-Vindo! Pratos do Dia Segunda-Feira Lombinhos de Porco com Molho de Cogumelos \u200bAcompanhado c\/ Batata Rosti e Salada Misto &hellip; <a href=\"https:\/\/papadoc.pt\/\" class=\"more-link\">Continue reading<span class=\"screen-reader-text\"> &#8220;Pizza e Pasta Caff\u00e9&#8221;<\/span><\/a><\/p>\n","protected":false},"author":1,"featured_media":0,"parent":0,"menu_order":4,"comment_status":"closed","ping_status":"closed","template":"","meta":{"footnotes":""},"class_list":["post-116","page","type-page","status-publish","hentry"],"yoast_head":"<!-- This site is optimized with the Yoast SEO plugin v27.4 - https:\/\/yoast.com\/product\/yoast-seo-wordpress\/ -->\n<title>Pizza e Pasta Caff\u00e9 - Papadoc<\/title>\n<meta name=\"robots\" content=\"index, follow, max-snippet:-1, max-image-preview:large, max-video-preview:-1\" \/>\n<link rel=\"canonical\" href=\"https:\/\/papadoc.pt\/\" \/>\n<meta property=\"og:locale\" content=\"pt_PT\" \/>\n<meta property=\"og:type\" content=\"article\" \/>\n<meta property=\"og:title\" content=\"Pizza e Pasta Caff\u00e9 - Papadoc\" \/>\n<meta property=\"og:description\" content=\"Momentos deliciosos no Papadoc Em Leiria desde 2005, o&nbsp;Papadoc, Pizza &amp; Pasta Caff\u00e9&nbsp;\u00e9 um local \u00fanico, onde pode apreciar a boa gastronomia Italiana e outras especialidades. Ambiente agrad\u00e1vel e descontra\u00eddo, uma decora\u00e7\u00e3o contempor\u00e2nea, diferente. Seja sempre Bem-Vindo! Pratos do Dia Segunda-Feira Lombinhos de Porco com Molho de Cogumelos \u200bAcompanhado c\/ Batata Rosti e Salada Misto &hellip; Continue reading &quot;Pizza e Pasta Caff\u00e9&quot;\" \/>\n<meta property=\"og:url\" content=\"https:\/\/papadoc.pt\/\" \/>\n<meta property=\"og:site_name\" content=\"Papadoc\" \/>\n<meta property=\"article:modified_time\" content=\"2025-11-03T12:35:23+00:00\" \/>\n<meta name=\"twitter:card\" content=\"summary_large_image\" \/>\n<meta name=\"twitter:label1\" content=\"Tempo estimado de leitura\" \/>\n\t<meta name=\"twitter:data1\" content=\"3 minutos\" \/>\n<script type=\"application\/ld+json\" class=\"yoast-schema-graph\">{\"@context\":\"https:\\\/\\\/schema.org\",\"@graph\":[{\"@type\":\"WebPage\",\"@id\":\"https:\\\/\\\/papadoc.pt\\\/\",\"url\":\"https:\\\/\\\/papadoc.pt\\\/\",\"name\":\"Pizza e Pasta Caff\u00e9 - Papadoc\",\"isPartOf\":{\"@id\":\"https:\\\/\\\/papadoc.pt\\\/#website\"},\"datePublished\":\"2021-08-14T19:03:14+00:00\",\"dateModified\":\"2025-11-03T12:35:23+00:00\",\"breadcrumb\":{\"@id\":\"https:\\\/\\\/papadoc.pt\\\/#breadcrumb\"},\"inLanguage\":\"pt-PT\",\"potentialAction\":[{\"@type\":\"ReadAction\",\"target\":[\"https:\\\/\\\/papadoc.pt\\\/\"]}]},{\"@type\":\"BreadcrumbList\",\"@id\":\"https:\\\/\\\/papadoc.pt\\\/#breadcrumb\",\"itemListElement\":[{\"@type\":\"ListItem\",\"position\":1,\"name\":\"In\u00edcio\",\"item\":\"https:\\\/\\\/papadoc.pt\\\/\"},{\"@type\":\"ListItem\",\"position\":2,\"name\":\"Pizza e Pasta Caff\u00e9\"}]},{\"@type\":\"WebSite\",\"@id\":\"https:\\\/\\\/papadoc.pt\\\/#website\",\"url\":\"https:\\\/\\\/papadoc.pt\\\/\",\"name\":\"Papadoc\",\"description\":\"Pizza &amp; Pasta Caff\u00e9\",\"potentialAction\":[{\"@type\":\"SearchAction\",\"target\":{\"@type\":\"EntryPoint\",\"urlTemplate\":\"https:\\\/\\\/papadoc.pt\\\/?s={search_term_string}\"},\"query-input\":{\"@type\":\"PropertyValueSpecification\",\"valueRequired\":true,\"valueName\":\"search_term_string\"}}],\"inLanguage\":\"pt-PT\"}]}<\/script>\n<!-- \/ Yoast SEO plugin. -->","yoast_head_json":{"title":"Pizza e Pasta Caff\u00e9 - Papadoc","robots":{"index":"index","follow":"follow","max-snippet":"max-snippet:-1","max-image-preview":"max-image-preview:large","max-video-preview":"max-video-preview:-1"},"canonical":"https:\/\/papadoc.pt\/","og_locale":"pt_PT","og_type":"article","og_title":"Pizza e Pasta Caff\u00e9 - Papadoc","og_description":"Momentos deliciosos no Papadoc Em Leiria desde 2005, o&nbsp;Papadoc, Pizza &amp; Pasta Caff\u00e9&nbsp;\u00e9 um local \u00fanico, onde pode apreciar a boa gastronomia Italiana e outras especialidades. Ambiente agrad\u00e1vel e descontra\u00eddo, uma decora\u00e7\u00e3o contempor\u00e2nea, diferente. Seja sempre Bem-Vindo! Pratos do Dia Segunda-Feira Lombinhos de Porco com Molho de Cogumelos \u200bAcompanhado c\/ Batata Rosti e Salada Misto &hellip; Continue reading \"Pizza e Pasta Caff\u00e9\"","og_url":"https:\/\/papadoc.pt\/","og_site_name":"Papadoc","article_modified_time":"2025-11-03T12:35:23+00:00","twitter_card":"summary_large_image","twitter_misc":{"Tempo estimado de leitura":"3 minutos"},"schema":{"@context":"https:\/\/schema.org","@graph":[{"@type":"WebPage","@id":"https:\/\/papadoc.pt\/","url":"https:\/\/papadoc.pt\/","name":"Pizza e Pasta Caff\u00e9 - Papadoc","isPartOf":{"@id":"https:\/\/papadoc.pt\/#website"},"datePublished":"2021-08-14T19:03:14+00:00","dateModified":"2025-11-03T12:35:23+00:00","breadcrumb":{"@id":"https:\/\/papadoc.pt\/#breadcrumb"},"inLanguage":"pt-PT","potentialAction":[{"@type":"ReadAction","target":["https:\/\/papadoc.pt\/"]}]},{"@type":"BreadcrumbList","@id":"https:\/\/papadoc.pt\/#breadcrumb","itemListElement":[{"@type":"ListItem","position":1,"name":"In\u00edcio","item":"https:\/\/papadoc.pt\/"},{"@type":"ListItem","position":2,"name":"Pizza e Pasta Caff\u00e9"}]},{"@type":"WebSite","@id":"https:\/\/papadoc.pt\/#website","url":"https:\/\/papadoc.pt\/","name":"Papadoc","description":"Pizza &amp; Pasta Caff\u00e9","potentialAction":[{"@type":"SearchAction","target":{"@type":"EntryPoint","urlTemplate":"https:\/\/papadoc.pt\/?s={search_term_string}"},"query-input":{"@type":"PropertyValueSpecification","valueRequired":true,"valueName":"search_term_string"}}],"inLanguage":"pt-PT"}]}},"_links":{"self":[{"href":"https:\/\/papadoc.pt\/index.php?rest_route=\/wp\/v2\/pages\/116","targetHints":{"allow":["GET"]}}],"collection":[{"href":"https:\/\/papadoc.pt\/index.php?rest_route=\/wp\/v2\/pages"}],"about":[{"href":"https:\/\/papadoc.pt\/index.php?rest_route=\/wp\/v2\/types\/page"}],"author":[{"embeddable":true,"href":"https:\/\/papadoc.pt\/index.php?rest_route=\/wp\/v2\/users\/1"}],"replies":[{"embeddable":true,"href":"https:\/\/papadoc.pt\/index.php?rest_route=%2Fwp%2Fv2%2Fcomments&post=116"}],"version-history":[{"count":46,"href":"https:\/\/papadoc.pt\/index.php?rest_route=\/wp\/v2\/pages\/116\/revisions"}],"predecessor-version":[{"id":343,"href":"https:\/\/papadoc.pt\/index.php?rest_route=\/wp\/v2\/pages\/116\/revisions\/343"}],"wp:attachment":[{"href":"https:\/\/papadoc.pt\/index.php?rest_route=%2Fwp%2Fv2%2Fmedia&parent=116"}],"curies":[{"name":"wp","href":"https:\/\/api.w.org\/{rel}","templated":true}]}}